{"id":13,"date":"2025-01-23T13:02:14","date_gmt":"2025-01-23T12:02:14","guid":{"rendered":"https:\/\/deadcrow.de\/?page_id=13"},"modified":"2025-01-28T19:23:09","modified_gmt":"2025-01-28T18:23:09","slug":"tastings","status":"publish","type":"page","link":"https:\/\/deadcrow.de\/index.php\/tastings\/","title":{"rendered":"Tastings"},"content":{"rendered":"\n<p><strong>In regelm\u00e4\u00dfigen Abst\u00e4nden veranstalten wir virtuelle Whiskey-Tastings<\/strong> (auf Wunsch auch Rum oder Gin, einfach anfragen).<\/p>\n\n\n\n<div class=\"wp-block-group\"><div class=\"wp-block-group__inner-container is-layout-flow wp-block-group-is-layout-flow\">\n<p><strong>Unsere Tastings im Kurz\u00fcberblick:<\/strong><\/p>\n\n\n\n<div class=\"wp-block-group\"><div class=\"wp-block-group__inner-container is-layout-flow wp-block-group-is-layout-flow\">\n<div class=\"wp-block-group\"><div class=\"wp-block-group__inner-container is-layout-flow wp-block-group-is-layout-flow\">\n<ul class=\"wp-block-list\">\n<li><strong>Tasting Set<\/strong> mit verschiedenen Whiskeysorten per Post<\/li>\n\n\n\n<li>Exklusives Probierpaket <strong>mit 5 ausgew\u00e4hlten Whiskeys <\/strong>in je 4cl Flaschen<\/li>\n\n\n\n<li><strong>Gratisversand<\/strong> innerhalb Deutschlands<\/li>\n\n\n\n<li>Erleben Sie einen unterhaltsamen Abend mit dem Wasser des Lebens &#8211; Uisce Beatha<\/li>\n\n\n\n<li>Erfahren Sie mehr \u00fcber die <strong>Historie und die Herstellung von Whiskey<\/strong> von unseren Experten<\/li>\n\n\n\n<li><strong>Auch als exklusives Team-Event oder individuelles Tasting buchbar &#8211; bitte anfragen<\/strong><\/li>\n<\/ul>\n<\/div><\/div>\n<\/div><\/div>\n\n\n\n<div class=\"wp-block-group\"><div class=\"wp-block-group__inner-container is-layout-flow wp-block-group-is-layout-flow\">\n<ul class=\"wp-block-list\">\n<li>Durchf\u00fchrungsgarantie <strong>ab 8 Teilnehmern<\/strong><\/li>\n\n\n\n<li>Dauer ca. 1,5 Stunden<\/li>\n\n\n\n<li>Preis <strong>ab 49 \u20ac<\/strong> pro Person<\/li>\n\n\n\n<li>Versand deutschlandweit &#8211; EU &amp; Welt auf Anfrage<\/li>\n\n\n\n<li>Die Tastings werden mit Microsoft Teams als <strong>Onlineevent<\/strong> durchgef\u00fchrt. Eine Teilnahme ist <strong>ganz einfach per Klick <\/strong>auf den von uns zur Verf\u00fcgung gestellten Link m\u00f6glich<\/li>\n<\/ul>\n\n\n\n<p>Anmeldung und weitere Informationen per<br>Mail: stefan@deadcrow.de \/ joerg@deadcrow.de<\/p>\n\n\n\n<p><strong>Noch einige weitere Infos zu unseren Tasting Sets:<\/strong><\/p>\n\n\n\n<p>Wir bieten unsere Tasting Sets in normalen Kartonverpackungen ohne aufwendige Bedruckungen und Schnickschnack an. Diese k\u00f6nnen wieder- und weiterverwendet werden und landen vielleicht nicht sofort im M\u00fcll.<\/p>\n\n\n\n<p>Die Whiskeys f\u00fcllen wir in Glasflaschen ab und verzichten auf Plastik. Die Fl\u00e4schchen kann jeder f\u00fcr sich weiterverwenden oder wieder der Verwertungskette zuf\u00fchren. Zudem widerstrebt es uns, hochwertigen Whiskey in Plastikflaschen zu f\u00fcllen \ud83d\ude42<\/p>\n\n\n\n<p>Unsere Tastingkarten werden auf nachhaltigem Papier gedruckt.<\/p>\n\n\n\n<p>Wir legen Wert auf den hochwertigen Inhalt und nicht die Verpackung. Wir hoffen das ist auch in Eurem Sinne, vielen Dank.<\/p>\n\n\n\n<div class=\"wp-block-columns is-layout-flex wp-container-core-columns-is-layout-9d6595d7 wp-block-columns-is-layout-flex\">\n<div class=\"wp-block-column is-layout-flow wp-block-column-is-layout-flow\" style=\"flex-basis:100%\">\n<blockquote class=\"wp-block-quote is-layout-flow wp-block-quote-is-layout-flow\">\n<p><\/p>\n<\/blockquote>\n<\/div>\n<\/div>\n<\/div><\/div>\n<\/div><\/div>\n","protected":false},"excerpt":{"rendered":"<p>In regelm\u00e4\u00dfigen Abst\u00e4nden veranstalten wir virtuelle Whiskey-Tastings (auf Wunsch auch Rum oder Gin, einfach anfragen). Unsere Tastings im Kurz\u00fcberblick: Anmeldung und weitere Informationen perMail: stefan@deadcrow.de &hellip;<\/p>\n","protected":false},"author":1,"featured_media":21,"parent":0,"menu_order":0,"comment_status":"closed","ping_status":"closed","template":"","meta":{"footnotes":""},"class_list":["post-13","page","type-page","status-publish","has-post-thumbnail","hentry"],"_links":{"self":[{"href":"https:\/\/deadcrow.de\/index.php\/wp-json\/wp\/v2\/pages\/13","targetHints":{"allow":["GET"]}}],"collection":[{"href":"https:\/\/deadcrow.de\/index.php\/wp-json\/wp\/v2\/pages"}],"about":[{"href":"https:\/\/deadcrow.de\/index.php\/wp-json\/wp\/v2\/types\/page"}],"author":[{"embeddable":true,"href":"https:\/\/deadcrow.de\/index.php\/wp-json\/wp\/v2\/users\/1"}],"replies":[{"embeddable":true,"href":"https:\/\/deadcrow.de\/index.php\/wp-json\/wp\/v2\/comments?post=13"}],"version-history":[{"count":4,"href":"https:\/\/deadcrow.de\/index.php\/wp-json\/wp\/v2\/pages\/13\/revisions"}],"predecessor-version":[{"id":42,"href":"https:\/\/deadcrow.de\/index.php\/wp-json\/wp\/v2\/pages\/13\/revisions\/42"}],"wp:featuredmedia":[{"embeddable":true,"href":"https:\/\/deadcrow.de\/index.php\/wp-json\/wp\/v2\/media\/21"}],"wp:attachment":[{"href":"https:\/\/deadcrow.de\/index.php\/wp-json\/wp\/v2\/media?parent=13"}],"curies":[{"name":"wp","href":"https:\/\/api.w.org\/{rel}","templated":true}]}}