{"id":11,"date":"2025-01-23T13:00:18","date_gmt":"2025-01-23T12:00:18","guid":{"rendered":"https:\/\/deadcrow.de\/?page_id=11"},"modified":"2025-01-23T13:00:18","modified_gmt":"2025-01-23T12:00:18","slug":"ueber-uns","status":"publish","type":"page","link":"https:\/\/deadcrow.de\/index.php\/ueber-uns\/","title":{"rendered":"\u00dcber uns"},"content":{"rendered":"\n<p><strong>2019 reifte bei uns die Idee, unsere Begeisterung f\u00fcr Whiskey mit anderen zu teilen und ein kleines Feierabend-Startup zu gr\u00fcnden. Die Idee war auf Veranstaltungen Whiskeys auszuschenken und Tastings zu veranstalten.<\/strong><\/p>\n\n\n\n<p><strong>Dann kam 2020 und Social Distancing passte irgendwie gar nicht zu unserer Idee. Wir haben trotzdem losgelegt und einen kleinen, feinen Onlinehandel, erg\u00e4nzt um Online Whiskey Tastings, gestartet.<\/strong><\/p>\n\n\n\n<p><strong>Das wichtigste sind f\u00fcr uns zufriedene Kunden die uns weiterempfehlen.<\/strong><\/p>\n\n\n\n<p><strong>Wir sind kein One-Day-Delivery Onlinehandel, wir haben regelm\u00e4\u00dfige Angebote und einzelne Sonderaktionen, sowie kurzfristig verf\u00fcgbare seltene Whiskeys, die wir f\u00fcr Euch bestellen.<\/strong><\/p>\n\n\n\n<p><strong>Die Zusendung\/Auslieferung erfolgt dann nach Eingang bei uns und Bezahlung durch Euch.<\/strong><\/p>\n\n\n\n<p><strong>Werdet Teil unseres Dead Crow Clubs und registriert Euch f\u00fcr unseren Newsletter. Oder meldet Euch einfach per Mail an stefan@deadcrow.club oder joerg@deadcrow.club mit Eurer Telefon-Nr. f\u00fcr unsere WhatsApp Gruppe an.<\/strong><\/p>\n\n\n\n<p><strong>F\u00fcr freuen uns, Euch schon bald mit einer ersten Flasche Whiskey beliefern zu d\u00fcrfen.<\/strong><\/p>\n\n\n\n<p><strong>Bis dahin&nbsp;<\/strong><\/p>\n\n\n\n<p><strong>Sl\u00e1inte<\/strong><\/p>\n\n\n\n<p><strong>Euer Dead Crow Team<\/strong><\/p>\n\n\n\n<p><strong>J\u00f6rg und Stefan<\/strong><\/p>\n","protected":false},"excerpt":{"rendered":"<p>2019 reifte bei uns die Idee, unsere Begeisterung f\u00fcr Whiskey mit anderen zu teilen und ein kleines Feierabend-Startup zu gr\u00fcnden. Die Idee war auf Veranstaltungen &hellip;<\/p>\n","protected":false},"author":1,"featured_media":0,"parent":0,"menu_order":0,"comment_status":"closed","ping_status":"closed","template":"","meta":{"footnotes":""},"class_list":["post-11","page","type-page","status-publish","hentry"],"_links":{"self":[{"href":"https:\/\/deadcrow.de\/index.php\/wp-json\/wp\/v2\/pages\/11","targetHints":{"allow":["GET"]}}],"collection":[{"href":"https:\/\/deadcrow.de\/index.php\/wp-json\/wp\/v2\/pages"}],"about":[{"href":"https:\/\/deadcrow.de\/index.php\/wp-json\/wp\/v2\/types\/page"}],"author":[{"embeddable":true,"href":"https:\/\/deadcrow.de\/index.php\/wp-json\/wp\/v2\/users\/1"}],"replies":[{"embeddable":true,"href":"https:\/\/deadcrow.de\/index.php\/wp-json\/wp\/v2\/comments?post=11"}],"version-history":[{"count":1,"href":"https:\/\/deadcrow.de\/index.php\/wp-json\/wp\/v2\/pages\/11\/revisions"}],"predecessor-version":[{"id":12,"href":"https:\/\/deadcrow.de\/index.php\/wp-json\/wp\/v2\/pages\/11\/revisions\/12"}],"wp:attachment":[{"href":"https:\/\/deadcrow.de\/index.php\/wp-json\/wp\/v2\/media?parent=11"}],"curies":[{"name":"wp","href":"https:\/\/api.w.org\/{rel}","templated":true}]}}